{"id":6999,"date":"2022-11-16T07:01:15","date_gmt":"2022-11-16T07:01:15","guid":{"rendered":"https:\/\/sicomono2.trendgalor.com\/?page_id=6999"},"modified":"2022-12-09T17:21:29","modified_gmt":"2022-12-09T17:21:29","slug":"ofertas-de-temporada-manuel-antonio-costa-rica","status":"publish","type":"page","link":"http:\/\/sicomono2.trendgalor.com\/en\/manuel-antonio-hotel-specials-deals\/","title":{"rendered":"SPECIALS"},"content":{"rendered":"<div data-elementor-type=\"wp-page\" data-elementor-id=\"6999\" class=\"elementor elementor-6999\">\n\t\t\t\t<div class=\"elementor-element elementor-element-4947393 e-flex e-con-boxed e-con e-parent\" data-id=\"4947393\" data-element_type=\"container\" data-e-type=\"container\" data-settings=\"{&quot;background_background&quot;:&quot;slideshow&quot;,&quot;background_slideshow_gallery&quot;:[{&quot;id&quot;:7627,&quot;url&quot;:&quot;https:\\\/\\\/sicomono2.trendgalor.com\\\/wp-content\\\/uploads\\\/2022\\\/11\\\/sunset-dreams.jpg&quot;}],&quot;background_slideshow_loop&quot;:&quot;yes&quot;,&quot;background_slideshow_slide_duration&quot;:5000,&quot;background_slideshow_slide_transition&quot;:&quot;fade&quot;,&quot;background_slideshow_transition_duration&quot;:500}\">\n\t\t\t\t\t<div class=\"e-con-inner\">\n\t\t\t\t\t<\/div>\n\t\t\t\t<\/div>\n\t\t<div class=\"elementor-element elementor-element-6533b3f e-flex e-con-boxed e-con e-parent\" data-id=\"6533b3f\" data-element_type=\"container\" data-e-type=\"container\" data-settings=\"{&quot;background_background&quot;:&quot;classic&quot;}\">\n\t\t\t\t\t<div class=\"e-con-inner\">\n\t\t\t\t<div class=\"elementor-element elementor-element-48e3c67 elementor-widget elementor-widget-spacer\" data-id=\"48e3c67\" data-element_type=\"widget\" data-e-type=\"widget\" data-settings=\"{&quot;hoteller_ext_link_sidemenu&quot;:&quot;false&quot;,&quot;hoteller_ext_link_fullmenu&quot;:&quot;false&quot;,&quot;hoteller_ext_is_scrollme&quot;:&quot;false&quot;,&quot;hoteller_ext_is_smoove&quot;:&quot;false&quot;,&quot;hoteller_ext_is_parallax_mouse&quot;:&quot;false&quot;,&quot;hoteller_ext_is_infinite&quot;:&quot;false&quot;,&quot;hoteller_ext_is_fadeout_animation&quot;:&quot;false&quot;}\" data-widget_type=\"spacer.default\">\n\t\t\t\t<div class=\"elementor-widget-container\">\n\t\t\t\t\t\t\t<div class=\"elementor-spacer\">\n\t\t\t<div class=\"elementor-spacer-inner\"><\/div>\n\t\t<\/div>\n\t\t\t\t\t\t<\/div>\n\t\t\t\t<\/div>\n\t\t\t\t<div class=\"elementor-element elementor-element-cdf135d elementor-view-default elementor-widget elementor-widget-icon\" data-id=\"cdf135d\" data-element_type=\"widget\" data-e-type=\"widget\" data-settings=\"{&quot;hoteller_ext_link_sidemenu&quot;:&quot;false&quot;,&quot;hoteller_ext_link_fullmenu&quot;:&quot;false&quot;,&quot;hoteller_ext_is_scrollme&quot;:&quot;false&quot;,&quot;hoteller_ext_is_smoove&quot;:&quot;false&quot;,&quot;hoteller_ext_is_parallax_mouse&quot;:&quot;false&quot;,&quot;hoteller_ext_is_infinite&quot;:&quot;false&quot;,&quot;hoteller_ext_is_fadeout_animation&quot;:&quot;false&quot;}\" data-widget_type=\"icon.default\">\n\t\t\t\t<div class=\"elementor-widget-container\">\n\t\t\t\t\t\t\t<div class=\"elementor-icon-wrapper\">\n\t\t\t<div class=\"elementor-icon\">\n\t\t\t<i aria-hidden=\"true\" class=\"fas fa-gift\"><\/i>\t\t\t<\/div>\n\t\t<\/div>\n\t\t\t\t\t\t<\/div>\n\t\t\t\t<\/div>\n\t\t\t\t<div class=\"elementor-element elementor-element-800e3d2 elementor-widget elementor-widget-heading\" data-id=\"800e3d2\" data-element_type=\"widget\" data-e-type=\"widget\" data-settings=\"{&quot;hoteller_ext_link_sidemenu&quot;:&quot;false&quot;,&quot;hoteller_ext_link_fullmenu&quot;:&quot;false&quot;,&quot;hoteller_ext_is_scrollme&quot;:&quot;false&quot;,&quot;hoteller_ext_is_smoove&quot;:&quot;false&quot;,&quot;hoteller_ext_is_parallax_mouse&quot;:&quot;false&quot;,&quot;hoteller_ext_is_infinite&quot;:&quot;false&quot;,&quot;hoteller_ext_is_fadeout_animation&quot;:&quot;false&quot;}\" data-widget_type=\"heading.default\">\n\t\t\t\t<div class=\"elementor-widget-container\">\n\t\t\t\t\t<h1 class=\"elementor-heading-title elementor-size-default\">Hotel Specials &amp; Deals in Manuel Antonio<\/h1>\t\t\t\t<\/div>\n\t\t\t\t<\/div>\n\t\t\t\t\t<\/div>\n\t\t\t\t<\/div>\n\t\t<div class=\"elementor-element elementor-element-99a282c e-flex e-con-boxed e-con e-parent\" data-id=\"99a282c\" data-element_type=\"container\" data-e-type=\"container\" data-settings=\"{&quot;background_background&quot;:&quot;classic&quot;}\">\n\t\t\t\t\t<div class=\"e-con-inner\">\n\t\t\t\t<div class=\"elementor-element elementor-element-3f8f6dc elementor-widget elementor-widget-spacer\" data-id=\"3f8f6dc\" data-element_type=\"widget\" data-e-type=\"widget\" data-settings=\"{&quot;hoteller_ext_link_sidemenu&quot;:&quot;false&quot;,&quot;hoteller_ext_link_fullmenu&quot;:&quot;false&quot;,&quot;hoteller_ext_is_scrollme&quot;:&quot;false&quot;,&quot;hoteller_ext_is_smoove&quot;:&quot;false&quot;,&quot;hoteller_ext_is_parallax_mouse&quot;:&quot;false&quot;,&quot;hoteller_ext_is_infinite&quot;:&quot;false&quot;,&quot;hoteller_ext_is_fadeout_animation&quot;:&quot;false&quot;}\" data-widget_type=\"spacer.default\">\n\t\t\t\t<div class=\"elementor-widget-container\">\n\t\t\t\t\t\t\t<div class=\"elementor-spacer\">\n\t\t\t<div class=\"elementor-spacer-inner\"><\/div>\n\t\t<\/div>\n\t\t\t\t\t\t<\/div>\n\t\t\t\t<\/div>\n\t\t\t\t\t<\/div>\n\t\t\t\t<\/div>\n\t\t<div class=\"elementor-element elementor-element-f457950 e-flex e-con-boxed e-con e-parent\" data-id=\"f457950\" data-element_type=\"container\" data-e-type=\"container\" data-settings=\"{&quot;background_background&quot;:&quot;classic&quot;}\">\n\t\t\t\t\t<div class=\"e-con-inner\">\n\t\t\t\t<div class=\"elementor-element elementor-element-12adf05 elementor-widget elementor-widget-accordion\" data-id=\"12adf05\" data-element_type=\"widget\" data-e-type=\"widget\" data-settings=\"{&quot;hoteller_ext_link_sidemenu&quot;:&quot;false&quot;,&quot;hoteller_ext_link_fullmenu&quot;:&quot;false&quot;,&quot;hoteller_ext_is_scrollme&quot;:&quot;false&quot;,&quot;hoteller_ext_is_smoove&quot;:&quot;false&quot;,&quot;hoteller_ext_is_parallax_mouse&quot;:&quot;false&quot;,&quot;hoteller_ext_is_infinite&quot;:&quot;false&quot;,&quot;hoteller_ext_is_fadeout_animation&quot;:&quot;false&quot;}\" data-widget_type=\"accordion.default\">\n\t\t\t\t<div class=\"elementor-widget-container\">\n\t\t\t\t\t\t\t<div class=\"elementor-accordion\">\n\t\t\t\t\t\t\t<div class=\"elementor-accordion-item\">\n\t\t\t\t\t<div id=\"elementor-tab-title-1951\" class=\"elementor-tab-title\" data-tab=\"1\" role=\"button\" aria-controls=\"elementor-tab-content-1951\" aria-expanded=\"false\">\n\t\t\t\t\t\t\t\t\t\t\t\t\t<span class=\"elementor-accordion-icon elementor-accordion-icon-left\" aria-hidden=\"true\">\n\t\t\t\t\t\t\t\t\t\t\t\t\t\t\t<span class=\"elementor-accordion-icon-closed\"><i class=\"fas fa-chevron-down\"><\/i><\/span>\n\t\t\t\t\t\t\t\t<span class=\"elementor-accordion-icon-opened\"><i class=\"fas fa-chevron-up\"><\/i><\/span>\n\t\t\t\t\t\t\t\t\t\t\t\t\t\t<\/span>\n\t\t\t\t\t\t\t\t\t\t\t\t<a class=\"elementor-accordion-title\" tabindex=\"0\">Early booking and get a free room upgrade \u2013 May, June, September, October<\/a>\n\t\t\t\t\t<\/div>\n\t\t\t\t\t<div id=\"elementor-tab-content-1951\" class=\"elementor-tab-content elementor-clearfix\" data-tab=\"1\" role=\"region\" aria-labelledby=\"elementor-tab-title-1951\"><section class=\"promo-content\"><p class=\"content\">Reserve 3 nights or more and receive a free room upgrade. Includes daily breakfast, beach shuttle, free Wi-Fi, and Free entrance to our butterfly garden.<\/p><p class=\"condition\">*Upgrades subject to availability, Honeymoon Suite are excluded*<\/p><p class=\"content\">Book with our reservations department directly via:<\/p><\/section><div class=\"button-div\"><a class=\"button\" href=\"tel:+50640018754\"><br \/><i class=\"fas fa-phone-square-alt\"><\/i><b> Costa Rica<\/b><\/a><br \/><a class=\"button\" href=\"tel:+1-888-742-6667\"><br \/><i class=\"fas fa-phone-square-alt\"><\/i><b> USA Toll Free<\/b><\/a><br \/><a class=\"button\" href=\"mailto:reservations@sicomono2.trendgalor.com?subject=Mail from Specials\" target=\"_blank\" rel=\"noopener\"><br \/><i class=\"fas fa-mail-bulk\"><\/i><b> Email<\/b><\/a><br \/><a class=\"button\" href=\"https:\/\/web.whatsapp.com\/send?phone=50683377337\" target=\"_blank\" rel=\"noopener\"><br \/><i class=\"fab fa-whatsapp-square\"><\/i><b> WhatsApp<\/b><\/a><\/div><\/div>\n\t\t\t\t<\/div>\n\t\t\t\t\t\t\t<div class=\"elementor-accordion-item\">\n\t\t\t\t\t<div id=\"elementor-tab-title-1952\" class=\"elementor-tab-title\" data-tab=\"2\" role=\"button\" aria-controls=\"elementor-tab-content-1952\" aria-expanded=\"false\">\n\t\t\t\t\t\t\t\t\t\t\t\t\t<span class=\"elementor-accordion-icon elementor-accordion-icon-left\" aria-hidden=\"true\">\n\t\t\t\t\t\t\t\t\t\t\t\t\t\t\t<span class=\"elementor-accordion-icon-closed\"><i class=\"fas fa-chevron-down\"><\/i><\/span>\n\t\t\t\t\t\t\t\t<span class=\"elementor-accordion-icon-opened\"><i class=\"fas fa-chevron-up\"><\/i><\/span>\n\t\t\t\t\t\t\t\t\t\t\t\t\t\t<\/span>\n\t\t\t\t\t\t\t\t\t\t\t\t<a class=\"elementor-accordion-title\" tabindex=\"0\">Pamper yourself and stay relax \u2013 September, October<\/a>\n\t\t\t\t\t<\/div>\n\t\t\t\t\t<div id=\"elementor-tab-content-1952\" class=\"elementor-tab-content elementor-clearfix\" data-tab=\"2\" role=\"region\" aria-labelledby=\"elementor-tab-title-1952\"><section class=\"promo-content\"><p class=\"content\">Reserve 4 nights or more and receive a 60-minute massage per person + free room upgrade. Includes daily breakfast, beach shuttle, free Wi-Fi, and Free entrance to our butterfly garden.<\/p><p class=\"condition\">*Upgrades subject to availability, Honeymoon Suite are excluded*<\/p><p class=\"content\">Book with our reservations department directly via:<\/p><\/section><div class=\"button-div\"><a class=\"button\" href=\"tel:+50640018754\"><br \/><i class=\"fas fa-phone-square-alt\"><\/i><b> Costa Rica<\/b><\/a><br \/><a class=\"button\" href=\"tel:+1-888-742-6667\"><br \/><i class=\"fas fa-phone-square-alt\"><\/i><b> USA Toll Free<\/b><\/a><br \/><a class=\"button\" href=\"mailto:reservations@sicomono2.trendgalor.com?subject=Mail from Specials\" target=\"_blank\" rel=\"noopener\"><br \/><i class=\"fas fa-mail-bulk\"><\/i><b> Email<\/b><\/a><br \/><a class=\"button\" href=\"https:\/\/web.whatsapp.com\/send?phone=50683377337\" target=\"_blank\" rel=\"noopener\"><br \/><i class=\"fab fa-whatsapp-square\"><\/i><b> WhatsApp<\/b><\/a><\/div><\/div>\n\t\t\t\t<\/div>\n\t\t\t\t\t\t\t\t<\/div>\n\t\t\t\t\t\t<\/div>\n\t\t\t\t<\/div>\n\t\t\t\t\t<\/div>\n\t\t\t\t<\/div>\n\t\t<div class=\"elementor-element elementor-element-7a63f98 e-flex e-con-boxed e-con e-parent\" data-id=\"7a63f98\" data-element_type=\"container\" data-e-type=\"container\">\n\t\t\t\t\t<div class=\"e-con-inner\">\n\t\t\t\t<div class=\"elementor-element elementor-element-e6884d9 elementor-widget elementor-widget-spacer\" data-id=\"e6884d9\" data-element_type=\"widget\" data-e-type=\"widget\" data-settings=\"{&quot;hoteller_ext_link_sidemenu&quot;:&quot;false&quot;,&quot;hoteller_ext_link_fullmenu&quot;:&quot;false&quot;,&quot;hoteller_ext_is_scrollme&quot;:&quot;false&quot;,&quot;hoteller_ext_is_smoove&quot;:&quot;false&quot;,&quot;hoteller_ext_is_parallax_mouse&quot;:&quot;false&quot;,&quot;hoteller_ext_is_infinite&quot;:&quot;false&quot;,&quot;hoteller_ext_is_fadeout_animation&quot;:&quot;false&quot;}\" data-widget_type=\"spacer.default\">\n\t\t\t\t<div class=\"elementor-widget-container\">\n\t\t\t\t\t\t\t<div class=\"elementor-spacer\">\n\t\t\t<div class=\"elementor-spacer-inner\"><\/div>\n\t\t<\/div>\n\t\t\t\t\t\t<\/div>\n\t\t\t\t<\/div>\n\t\t\t\t<div class=\"elementor-element elementor-element-7c3b2c8 elementor-widget elementor-widget-text-editor\" data-id=\"7c3b2c8\" data-element_type=\"widget\" data-e-type=\"widget\" data-settings=\"{&quot;hoteller_ext_link_sidemenu&quot;:&quot;false&quot;,&quot;hoteller_ext_link_fullmenu&quot;:&quot;false&quot;,&quot;hoteller_ext_is_scrollme&quot;:&quot;false&quot;,&quot;hoteller_ext_is_smoove&quot;:&quot;false&quot;,&quot;hoteller_ext_is_parallax_mouse&quot;:&quot;false&quot;,&quot;hoteller_ext_is_infinite&quot;:&quot;false&quot;,&quot;hoteller_ext_is_fadeout_animation&quot;:&quot;false&quot;}\" data-widget_type=\"text-editor.default\">\n\t\t\t\t<div class=\"elementor-widget-container\">\n\t\t\t\t\t\t\t\t\t<p><strong>General Policies for the Deals:<\/strong><\/p><ol><li class=\"li1\">These deals apply only to direct reservations made through our website or directly with our reservations department and are not applicable to packages.<\/li><li class=\"li1\">To apply for the preferred deal, it is necessary to meet the criteria related to the minimum number of nights and date of stay.<\/li><li class=\"li1\">These deals are not combinable, you can only choose one of the listed deals per reservation.<\/li><\/ol>\t\t\t\t\t\t\t\t<\/div>\n\t\t\t\t<\/div>\n\t\t\t\t<div class=\"elementor-element elementor-element-2fd9a09 elementor-widget elementor-widget-spacer\" data-id=\"2fd9a09\" data-element_type=\"widget\" data-e-type=\"widget\" data-settings=\"{&quot;hoteller_ext_link_sidemenu&quot;:&quot;false&quot;,&quot;hoteller_ext_link_fullmenu&quot;:&quot;false&quot;,&quot;hoteller_ext_is_scrollme&quot;:&quot;false&quot;,&quot;hoteller_ext_is_smoove&quot;:&quot;false&quot;,&quot;hoteller_ext_is_parallax_mouse&quot;:&quot;false&quot;,&quot;hoteller_ext_is_infinite&quot;:&quot;false&quot;,&quot;hoteller_ext_is_fadeout_animation&quot;:&quot;false&quot;}\" data-widget_type=\"spacer.default\">\n\t\t\t\t<div class=\"elementor-widget-container\">\n\t\t\t\t\t\t\t<div class=\"elementor-spacer\">\n\t\t\t<div class=\"elementor-spacer-inner\"><\/div>\n\t\t<\/div>\n\t\t\t\t\t\t<\/div>\n\t\t\t\t<\/div>\n\t\t\t\t\t<\/div>\n\t\t\t\t<\/div>\n\t\t\t\t<\/div>","protected":false},"excerpt":{"rendered":"<p>Ofertas de Temporada en Manuel Antonio Reserve con anticipaci\u00f3n y obtenga una categor\u00eda superior de habitaci\u00f3n &#8211; Mayo, Junio, Septiembre, Octubre. Reserva tres noches o m\u00e1s y recibe una mejora en la categoria de habitaci\u00f3n gratis. Incluye desayuno diario, transporte [&hellip;]<\/p>","protected":false},"author":2,"featured_media":0,"parent":0,"menu_order":0,"comment_status":"closed","ping_status":"closed","template":"elementor_header_footer","meta":{"footnotes":""},"class_list":["post-6999","page","type-page","status-publish","hentry"],"yoast_head":"<!-- This site is optimized with the Yoast SEO plugin v27.3 - https:\/\/yoast.com\/product\/yoast-seo-wordpress\/ -->\n<title>Ofertas de Temporada en Manuel Antonio Costa Rica<\/title>\n<meta name=\"description\" content=\"Aproveche nuestras ofertas de temporada y disfrute de Manuel Antonio rodeado de naturaleza y sus hermosas playas.\" \/>\n<meta name=\"robots\" content=\"noindex, follow, max-snippet:-1, max-image-preview:large, max-video-preview:-1\" \/>\n<meta property=\"og:locale\" content=\"en_US\" \/>\n<meta property=\"og:type\" content=\"article\" \/>\n<meta property=\"og:title\" content=\"Ofertas de Temporada en Manuel Antonio Costa Rica\" \/>\n<meta property=\"og:description\" content=\"Aproveche nuestras ofertas de temporada y disfrute de Manuel Antonio rodeado de naturaleza y sus hermosas playas.\" \/>\n<meta property=\"og:url\" content=\"https:\/\/sicomono2.trendgalor.com\/en\/manuel-antonio-hotel-specials-deals\/\" \/>\n<meta property=\"og:site_name\" content=\"Si Como No Resort\" \/>\n<meta property=\"article:publisher\" content=\"https:\/\/www.facebook.com\/HotelSiComoNo\" \/>\n<meta property=\"article:modified_time\" content=\"2022-12-09T17:21:29+00:00\" \/>\n<meta name=\"twitter:card\" content=\"summary_large_image\" \/>\n<meta name=\"twitter:label1\" content=\"Est. reading time\" \/>\n\t<meta name=\"twitter:data1\" content=\"1 minute\" \/>\n<script type=\"application\/ld+json\" class=\"yoast-schema-graph\">{\"@context\":\"https:\\\/\\\/schema.org\",\"@graph\":[{\"@type\":\"WebPage\",\"@id\":\"https:\\\/\\\/sicomono2.trendgalor.com\\\/manuel-antonio-hotel-specials-deals\\\/\",\"url\":\"https:\\\/\\\/sicomono2.trendgalor.com\\\/manuel-antonio-hotel-specials-deals\\\/\",\"name\":\"Ofertas de Temporada en Manuel Antonio Costa Rica\",\"isPartOf\":{\"@id\":\"https:\\\/\\\/sicomono2.trendgalor.com\\\/#website\"},\"datePublished\":\"2022-11-16T07:01:15+00:00\",\"dateModified\":\"2022-12-09T17:21:29+00:00\",\"description\":\"Aproveche nuestras ofertas de temporada y disfrute de Manuel Antonio rodeado de naturaleza y sus hermosas playas.\",\"breadcrumb\":{\"@id\":\"https:\\\/\\\/sicomono2.trendgalor.com\\\/manuel-antonio-hotel-specials-deals\\\/#breadcrumb\"},\"inLanguage\":\"en-US\",\"potentialAction\":[{\"@type\":\"ReadAction\",\"target\":[\"https:\\\/\\\/sicomono2.trendgalor.com\\\/manuel-antonio-hotel-specials-deals\\\/\"]}]},{\"@type\":\"BreadcrumbList\",\"@id\":\"https:\\\/\\\/sicomono2.trendgalor.com\\\/manuel-antonio-hotel-specials-deals\\\/#breadcrumb\",\"itemListElement\":[{\"@type\":\"ListItem\",\"position\":1,\"name\":\"Home\",\"item\":\"https:\\\/\\\/sicomono2.trendgalor.com\\\/\"},{\"@type\":\"ListItem\",\"position\":2,\"name\":\"ESPECIALES\"}]},{\"@type\":\"WebSite\",\"@id\":\"https:\\\/\\\/sicomono2.trendgalor.com\\\/#website\",\"url\":\"https:\\\/\\\/sicomono2.trendgalor.com\\\/\",\"name\":\"Si Como No Resort\",\"description\":\"Spa &amp; Wildlife Refuge\",\"publisher\":{\"@id\":\"https:\\\/\\\/sicomono2.trendgalor.com\\\/#organization\"},\"potentialAction\":[{\"@type\":\"SearchAction\",\"target\":{\"@type\":\"EntryPoint\",\"urlTemplate\":\"https:\\\/\\\/sicomono2.trendgalor.com\\\/?s={search_term_string}\"},\"query-input\":{\"@type\":\"PropertyValueSpecification\",\"valueRequired\":true,\"valueName\":\"search_term_string\"}}],\"inLanguage\":\"en-US\"},{\"@type\":\"Organization\",\"@id\":\"https:\\\/\\\/sicomono2.trendgalor.com\\\/#organization\",\"name\":\"Si Como No Resort Spa & Wildlife Refuge\",\"url\":\"https:\\\/\\\/sicomono2.trendgalor.com\\\/\",\"logo\":{\"@type\":\"ImageObject\",\"inLanguage\":\"en-US\",\"@id\":\"https:\\\/\\\/sicomono2.trendgalor.com\\\/#\\\/schema\\\/logo\\\/image\\\/\",\"url\":\"https:\\\/\\\/sicomono2.trendgalor.com\\\/wp-content\\\/uploads\\\/2022\\\/11\\\/LOGO-2022.png\",\"contentUrl\":\"https:\\\/\\\/sicomono2.trendgalor.com\\\/wp-content\\\/uploads\\\/2022\\\/11\\\/LOGO-2022.png\",\"width\":600,\"height\":600,\"caption\":\"Si Como No Resort Spa & Wildlife Refuge\"},\"image\":{\"@id\":\"https:\\\/\\\/sicomono2.trendgalor.com\\\/#\\\/schema\\\/logo\\\/image\\\/\"},\"sameAs\":[\"https:\\\/\\\/www.facebook.com\\\/HotelSiComoNo\",\"https:\\\/\\\/www.instagram.com\\\/sicomonoresort\\\/\",\"https:\\\/\\\/www.youtube.com\\\/c\\\/Sicomonomanuelantonio\"]}]}<\/script>\n<!-- \/ Yoast SEO plugin. -->","yoast_head_json":{"title":"Ofertas de Temporada en Manuel Antonio Costa Rica","description":"Aproveche nuestras ofertas de temporada y disfrute de Manuel Antonio rodeado de naturaleza y sus hermosas playas.","robots":{"index":"noindex","follow":"follow","max-snippet":"max-snippet:-1","max-image-preview":"max-image-preview:large","max-video-preview":"max-video-preview:-1"},"og_locale":"en_US","og_type":"article","og_title":"Ofertas de Temporada en Manuel Antonio Costa Rica","og_description":"Aproveche nuestras ofertas de temporada y disfrute de Manuel Antonio rodeado de naturaleza y sus hermosas playas.","og_url":"https:\/\/sicomono2.trendgalor.com\/en\/manuel-antonio-hotel-specials-deals\/","og_site_name":"Si Como No Resort","article_publisher":"https:\/\/www.facebook.com\/HotelSiComoNo","article_modified_time":"2022-12-09T17:21:29+00:00","twitter_card":"summary_large_image","twitter_misc":{"Est. reading time":"1 minute"},"schema":{"@context":"https:\/\/schema.org","@graph":[{"@type":"WebPage","@id":"https:\/\/sicomono2.trendgalor.com\/manuel-antonio-hotel-specials-deals\/","url":"https:\/\/sicomono2.trendgalor.com\/manuel-antonio-hotel-specials-deals\/","name":"Ofertas de Temporada en Manuel Antonio Costa Rica","isPartOf":{"@id":"https:\/\/sicomono2.trendgalor.com\/#website"},"datePublished":"2022-11-16T07:01:15+00:00","dateModified":"2022-12-09T17:21:29+00:00","description":"Aproveche nuestras ofertas de temporada y disfrute de Manuel Antonio rodeado de naturaleza y sus hermosas playas.","breadcrumb":{"@id":"https:\/\/sicomono2.trendgalor.com\/manuel-antonio-hotel-specials-deals\/#breadcrumb"},"inLanguage":"en-US","potentialAction":[{"@type":"ReadAction","target":["https:\/\/sicomono2.trendgalor.com\/manuel-antonio-hotel-specials-deals\/"]}]},{"@type":"BreadcrumbList","@id":"https:\/\/sicomono2.trendgalor.com\/manuel-antonio-hotel-specials-deals\/#breadcrumb","itemListElement":[{"@type":"ListItem","position":1,"name":"Home","item":"https:\/\/sicomono2.trendgalor.com\/"},{"@type":"ListItem","position":2,"name":"ESPECIALES"}]},{"@type":"WebSite","@id":"https:\/\/sicomono2.trendgalor.com\/#website","url":"https:\/\/sicomono2.trendgalor.com\/","name":"Si Como No Resort","description":"Spa &amp; Wildlife Refuge","publisher":{"@id":"https:\/\/sicomono2.trendgalor.com\/#organization"},"potentialAction":[{"@type":"SearchAction","target":{"@type":"EntryPoint","urlTemplate":"https:\/\/sicomono2.trendgalor.com\/?s={search_term_string}"},"query-input":{"@type":"PropertyValueSpecification","valueRequired":true,"valueName":"search_term_string"}}],"inLanguage":"en-US"},{"@type":"Organization","@id":"https:\/\/sicomono2.trendgalor.com\/#organization","name":"Si Como No Resort Spa & Wildlife Refuge","url":"https:\/\/sicomono2.trendgalor.com\/","logo":{"@type":"ImageObject","inLanguage":"en-US","@id":"https:\/\/sicomono2.trendgalor.com\/#\/schema\/logo\/image\/","url":"https:\/\/sicomono2.trendgalor.com\/wp-content\/uploads\/2022\/11\/LOGO-2022.png","contentUrl":"https:\/\/sicomono2.trendgalor.com\/wp-content\/uploads\/2022\/11\/LOGO-2022.png","width":600,"height":600,"caption":"Si Como No Resort Spa & Wildlife Refuge"},"image":{"@id":"https:\/\/sicomono2.trendgalor.com\/#\/schema\/logo\/image\/"},"sameAs":["https:\/\/www.facebook.com\/HotelSiComoNo","https:\/\/www.instagram.com\/sicomonoresort\/","https:\/\/www.youtube.com\/c\/Sicomonomanuelantonio"]}]}},"_links":{"self":[{"href":"http:\/\/sicomono2.trendgalor.com\/en\/wp-json\/wp\/v2\/pages\/6999","targetHints":{"allow":["GET"]}}],"collection":[{"href":"http:\/\/sicomono2.trendgalor.com\/en\/wp-json\/wp\/v2\/pages"}],"about":[{"href":"http:\/\/sicomono2.trendgalor.com\/en\/wp-json\/wp\/v2\/types\/page"}],"author":[{"embeddable":true,"href":"http:\/\/sicomono2.trendgalor.com\/en\/wp-json\/wp\/v2\/users\/2"}],"replies":[{"embeddable":true,"href":"http:\/\/sicomono2.trendgalor.com\/en\/wp-json\/wp\/v2\/comments?post=6999"}],"version-history":[{"count":181,"href":"http:\/\/sicomono2.trendgalor.com\/en\/wp-json\/wp\/v2\/pages\/6999\/revisions"}],"predecessor-version":[{"id":7980,"href":"http:\/\/sicomono2.trendgalor.com\/en\/wp-json\/wp\/v2\/pages\/6999\/revisions\/7980"}],"wp:attachment":[{"href":"http:\/\/sicomono2.trendgalor.com\/en\/wp-json\/wp\/v2\/media?parent=6999"}],"curies":[{"name":"wp","href":"https:\/\/api.w.org\/{rel}","templated":true}]}}